{"id":50,"date":"2011-12-19T00:14:19","date_gmt":"2011-12-18T23:14:19","guid":{"rendered":"https:\/\/vielhuber.de\/?page_id=50"},"modified":"2025-11-13T14:38:40","modified_gmt":"2025-11-13T13:38:40","slug":"impressum","status":"publish","type":"page","link":"https:\/\/vielhuber.de\/impressum\/","title":{"rendered":"Impressum"},"content":{"rendered":"<h1>Impressum<\/h1>\n<h3>Angaben gem\u00e4\u00df \u00a7 5 TMG<\/h3>\n<p>David Vielhuber<br \/>\nvielhuber.de<br \/>\nSch\u00f6nauerweg 12a<br \/>\n94036 Passau<\/p>\n<h3>Kontakt<\/h3>\n<p>Telefon: <a href=\"tel:+498921555122\">+49 89 21 555 122<\/a><br \/>\nE-Mail: <a href=\"mailto:david@vielhuber.de\">david@vielhuber.de<\/a><br \/>\nFax: +49 89 43 78 095 1<\/p>\n<h3>Umsatzsteuer<\/h3>\n<p>Umsatzsteuer-Identifikationsnummer gem\u00e4\u00df \u00a7 27 a Umsatzsteuergesetz: DE 284 595 977<\/p>\n<h3>EU-Streitschlichtung<\/h3>\n<p>Die Europ\u00e4ische Kommission stellt eine Plattform zur Online-Streitbeilegung (OS) bereit: <a href=\"https:\/\/ec.europa.eu\/consumers\/odr\" target=\"_blank\" rel=\"noopener noreferrer\">https:\/\/ec.europa.eu\/consumers\/odr<\/a>. Unsere E-Mail-Adresse finden Sie oben im Impressum.<\/p>\n<h3>Verbraucher\u00adstreit\u00adbeilegung \/ Universal\u00adschlichtungs\u00adstelle<\/h3>\n<p>Wir sind nicht bereit oder verpflichtet, an Streitbeilegungsverfahren vor einer Verbraucherschlichtungsstelle teilzunehmen.<\/p>\n<h3>Haftung f\u00fcr Inhalte<\/h3>\n<p>Als Diensteanbieter sind wir gem\u00e4\u00df \u00a7 7 Abs.1 TMG f\u00fcr eigene Inhalte auf diesen Seiten nach den allgemeinen Gesetzen verantwortlich. Nach \u00a7\u00a7 8 bis 10 TMG sind wir als Diensteanbieter jedoch nicht verpflichtet, \u00fcbermittelte oder gespeicherte fremde Informationen zu \u00fcberwachen oder nach Umst\u00e4nden zu forschen, die auf eine rechtswidrige T\u00e4tigkeit hinweisen.<\/p>\n<p>Verpflichtungen zur Entfernung oder Sperrung der Nutzung von Informationen nach den allgemeinen Gesetzen bleiben hiervon unber\u00fchrt. Eine diesbez\u00fcgliche Haftung ist jedoch erst ab dem Zeitpunkt der Kenntnis einer konkreten Rechtsverletzung m\u00f6glich. Bei Bekanntwerden von entsprechenden Rechtsverletzungen werden wir diese Inhalte umgehend entfernen.<\/p>\n<h3>Haftung f\u00fcr Links<\/h3>\n<p>Unser Angebot enth\u00e4lt Links zu externen Websites Dritter, auf deren Inhalte wir keinen Einfluss haben. Deshalb k\u00f6nnen wir f\u00fcr diese fremden Inhalte auch keine Gew\u00e4hr \u00fcbernehmen. F\u00fcr die Inhalte der verlinkten Seiten ist stets der jeweilige Anbieter oder Betreiber der Seiten verantwortlich. Die verlinkten Seiten wurden zum Zeitpunkt der Verlinkung auf m\u00f6gliche Rechtsverst\u00f6\u00dfe \u00fcberpr\u00fcft. Rechtswidrige Inhalte waren zum Zeitpunkt der Verlinkung nicht erkennbar.<\/p>\n<p>Eine permanente inhaltliche Kontrolle der verlinkten Seiten ist jedoch ohne konkrete Anhaltspunkte einer Rechtsverletzung nicht zumutbar. Bei Bekanntwerden von Rechtsverletzungen werden wir derartige Links umgehend entfernen.<\/p>\n<h3>Urheberrecht<\/h3>\n<p>Die durch die Seitenbetreiber erstellten Inhalte und Werke auf diesen Seiten unterliegen dem deutschen Urheberrecht. Die Vervielf\u00e4ltigung, Bearbeitung, Verbreitung und jede Art der Verwertung au\u00dferhalb der Grenzen des Urheberrechtes bed\u00fcrfen der schriftlichen Zustimmung des jeweiligen Autors bzw. Erstellers. Downloads und Kopien dieser Seite sind nur f\u00fcr den privaten, nicht kommerziellen Gebrauch gestattet.<\/p>\n<p>Soweit die Inhalte auf dieser Seite nicht vom Betreiber erstellt wurden, werden die Urheberrechte Dritter beachtet. Insbesondere werden Inhalte Dritter als solche gekennzeichnet. Sollten Sie trotzdem auf eine Urheberrechtsverletzung aufmerksam werden, bitten wir um einen entsprechenden Hinweis. Bei Bekanntwerden von Rechtsverletzungen werden wir derartige Inhalte umgehend entfernen.<\/p>\n","protected":false},"excerpt":{"rendered":"<p>Impressum Angaben gem\u00e4\u00df \u00a7 5 TMG David Vielhuber vielhuber.de Sch\u00f6nauerweg 12a 94036 Passau Kontakt Telefon: +49 89 21 555 122 E-Mail: david@vielhuber.de Fax: +49 89 43 78 095 1 Umsatzsteuer Umsatzsteuer-Identifikationsnummer gem\u00e4\u00df \u00a7 27 a Umsatzsteuergesetz: DE 284 595 977 EU-Streitschlichtung Die Europ\u00e4ische Kommission stellt eine Plattform zur Online-Streitbeilegung (OS) bereit: https:\/\/ec.europa.eu\/consumers\/odr. Unsere E-Mail-Adresse finden [&hellip;]<\/p>\n","protected":false},"author":1,"featured_media":0,"parent":0,"menu_order":2,"comment_status":"closed","ping_status":"closed","template":"","meta":{"_acf_changed":false,"gtbabel_prevent_lngs":"","gtbabel_alt_lng":"","footnotes":""},"class_list":["post-50","page","type-page","status-publish"],"acf":[],"yoast_head":"<title>Impressum &gt; Vielhuber David<\/title>\n<meta name=\"description\" content=\"Die Inhalte unserer Seiten wurden mit gr\u00f6\u00dfter Sorgfalt erstellt. F\u00fcr die Richtigkeit der Inhalte k\u00f6nnen wir jedoch keine Gew\u00e4hr \u00fcbernehmen.\u00a0\" \/>\n<meta name=\"robots\" content=\"index, follow, max-snippet:-1, max-image-preview:large, max-video-preview:-1\" \/>\n<link rel=\"canonical\" href=\"https:\/\/vielhuber.de\/impressum\/\" \/>\n<meta property=\"og:locale\" content=\"de_DE\" \/>\n<meta property=\"og:type\" content=\"article\" \/>\n<meta property=\"og:title\" content=\"Impressum &gt; Vielhuber David\" \/>\n<meta property=\"og:description\" content=\"Die Inhalte unserer Seiten wurden mit gr\u00f6\u00dfter Sorgfalt erstellt. F\u00fcr die Richtigkeit der Inhalte k\u00f6nnen wir jedoch keine Gew\u00e4hr \u00fcbernehmen.\u00a0\" \/>\n<meta property=\"og:url\" content=\"https:\/\/vielhuber.de\/impressum\/\" \/>\n<meta property=\"og:site_name\" content=\"Vielhuber David\" \/>\n<meta property=\"article:modified_time\" content=\"2025-11-13T13:38:40+00:00\" \/>\n<meta property=\"og:image\" content=\"https:\/\/vielhuber.de\/wp-content\/uploads\/about.jpg\" \/>\n\t<meta property=\"og:image:width\" content=\"700\" \/>\n\t<meta property=\"og:image:height\" content=\"552\" \/>\n\t<meta property=\"og:image:type\" content=\"image\/jpeg\" \/>\n<meta name=\"twitter:card\" content=\"summary_large_image\" \/>\n<meta name=\"twitter:site\" content=\"@vielhuber\" \/>\n<meta name=\"twitter:label1\" content=\"Gesch\u00e4tzte Lesezeit\" \/>\n\t<meta name=\"twitter:data1\" content=\"3\u00a0Minuten\" \/>\n<script type=\"application\/ld+json\" class=\"yoast-schema-graph\">{\"@context\":\"https:\\\/\\\/schema.org\",\"@graph\":[{\"@type\":\"WebPage\",\"@id\":\"https:\\\/\\\/vielhuber.de\\\/impressum\\\/\",\"url\":\"https:\\\/\\\/vielhuber.de\\\/impressum\\\/\",\"name\":\"Impressum > Vielhuber David\",\"isPartOf\":{\"@id\":\"https:\\\/\\\/vielhuber.de\\\/#website\"},\"datePublished\":\"2011-12-18T23:14:19+00:00\",\"dateModified\":\"2025-11-13T13:38:40+00:00\",\"description\":\"Die Inhalte unserer Seiten wurden mit gr\u00f6\u00dfter Sorgfalt erstellt. F\u00fcr die Richtigkeit der Inhalte k\u00f6nnen wir jedoch keine Gew\u00e4hr \u00fcbernehmen.\u00a0\",\"breadcrumb\":{\"@id\":\"https:\\\/\\\/vielhuber.de\\\/impressum\\\/#breadcrumb\"},\"inLanguage\":\"de\",\"potentialAction\":[{\"@type\":\"ReadAction\",\"target\":[\"https:\\\/\\\/vielhuber.de\\\/impressum\\\/\"]}]},{\"@type\":\"BreadcrumbList\",\"@id\":\"https:\\\/\\\/vielhuber.de\\\/impressum\\\/#breadcrumb\",\"itemListElement\":[{\"@type\":\"ListItem\",\"position\":1,\"name\":\"Home\",\"item\":\"https:\\\/\\\/vielhuber.de\\\/\"},{\"@type\":\"ListItem\",\"position\":2,\"name\":\"Impressum\"}]},{\"@type\":\"WebSite\",\"@id\":\"https:\\\/\\\/vielhuber.de\\\/#website\",\"url\":\"https:\\\/\\\/vielhuber.de\\\/\",\"name\":\"Vielhuber David\",\"description\":\"Full-Stack Developer\",\"publisher\":{\"@id\":\"https:\\\/\\\/vielhuber.de\\\/#\\\/schema\\\/person\\\/64d4ff14713d413ea4d9b210d0c2c6ef\"},\"potentialAction\":[{\"@type\":\"SearchAction\",\"target\":{\"@type\":\"EntryPoint\",\"urlTemplate\":\"https:\\\/\\\/vielhuber.de\\\/?s={search_term_string}\"},\"query-input\":{\"@type\":\"PropertyValueSpecification\",\"valueRequired\":true,\"valueName\":\"search_term_string\"}}],\"inLanguage\":\"de\"},{\"@type\":[\"Person\",\"Organization\"],\"@id\":\"https:\\\/\\\/vielhuber.de\\\/#\\\/schema\\\/person\\\/64d4ff14713d413ea4d9b210d0c2c6ef\",\"name\":\"David\",\"image\":{\"@type\":\"ImageObject\",\"inLanguage\":\"de\",\"@id\":\"https:\\\/\\\/vielhuber.de\\\/wp-content\\\/uploads\\\/about.jpg\",\"url\":\"https:\\\/\\\/vielhuber.de\\\/wp-content\\\/uploads\\\/about.jpg\",\"contentUrl\":\"https:\\\/\\\/vielhuber.de\\\/wp-content\\\/uploads\\\/about.jpg\",\"width\":700,\"height\":552,\"caption\":\"David\"},\"logo\":{\"@id\":\"https:\\\/\\\/vielhuber.de\\\/wp-content\\\/uploads\\\/about.jpg\"},\"sameAs\":[\"https:\\\/\\\/x.com\\\/vielhuber\"]}]}<\/script>","yoast_head_json":{"title":"Impressum > Vielhuber David","description":"Die Inhalte unserer Seiten wurden mit gr\u00f6\u00dfter Sorgfalt erstellt. F\u00fcr die Richtigkeit der Inhalte k\u00f6nnen wir jedoch keine Gew\u00e4hr \u00fcbernehmen.\u00a0","robots":{"index":"index","follow":"follow","max-snippet":"max-snippet:-1","max-image-preview":"max-image-preview:large","max-video-preview":"max-video-preview:-1"},"canonical":"https:\/\/vielhuber.de\/impressum\/","og_locale":"de_DE","og_type":"article","og_title":"Impressum > Vielhuber David","og_description":"Die Inhalte unserer Seiten wurden mit gr\u00f6\u00dfter Sorgfalt erstellt. F\u00fcr die Richtigkeit der Inhalte k\u00f6nnen wir jedoch keine Gew\u00e4hr \u00fcbernehmen.\u00a0","og_url":"https:\/\/vielhuber.de\/impressum\/","og_site_name":"Vielhuber David","article_modified_time":"2025-11-13T13:38:40+00:00","og_image":[{"width":700,"height":552,"url":"https:\/\/vielhuber.de\/wp-content\/uploads\/about.jpg","type":"image\/jpeg"}],"twitter_card":"summary_large_image","twitter_site":"@vielhuber","twitter_misc":{"Gesch\u00e4tzte Lesezeit":"3\u00a0Minuten"},"schema":{"@context":"https:\/\/schema.org","@graph":[{"@type":"WebPage","@id":"https:\/\/vielhuber.de\/impressum\/","url":"https:\/\/vielhuber.de\/impressum\/","name":"Impressum > Vielhuber David","isPartOf":{"@id":"https:\/\/vielhuber.de\/#website"},"datePublished":"2011-12-18T23:14:19+00:00","dateModified":"2025-11-13T13:38:40+00:00","description":"Die Inhalte unserer Seiten wurden mit gr\u00f6\u00dfter Sorgfalt erstellt. F\u00fcr die Richtigkeit der Inhalte k\u00f6nnen wir jedoch keine Gew\u00e4hr \u00fcbernehmen.\u00a0","breadcrumb":{"@id":"https:\/\/vielhuber.de\/impressum\/#breadcrumb"},"inLanguage":"de","potentialAction":[{"@type":"ReadAction","target":["https:\/\/vielhuber.de\/impressum\/"]}]},{"@type":"BreadcrumbList","@id":"https:\/\/vielhuber.de\/impressum\/#breadcrumb","itemListElement":[{"@type":"ListItem","position":1,"name":"Home","item":"https:\/\/vielhuber.de\/"},{"@type":"ListItem","position":2,"name":"Impressum"}]},{"@type":"WebSite","@id":"https:\/\/vielhuber.de\/#website","url":"https:\/\/vielhuber.de\/","name":"Vielhuber David","description":"Full-Stack Developer","publisher":{"@id":"https:\/\/vielhuber.de\/#\/schema\/person\/64d4ff14713d413ea4d9b210d0c2c6ef"},"potentialAction":[{"@type":"SearchAction","target":{"@type":"EntryPoint","urlTemplate":"https:\/\/vielhuber.de\/?s={search_term_string}"},"query-input":{"@type":"PropertyValueSpecification","valueRequired":true,"valueName":"search_term_string"}}],"inLanguage":"de"},{"@type":["Person","Organization"],"@id":"https:\/\/vielhuber.de\/#\/schema\/person\/64d4ff14713d413ea4d9b210d0c2c6ef","name":"David","image":{"@type":"ImageObject","inLanguage":"de","@id":"https:\/\/vielhuber.de\/wp-content\/uploads\/about.jpg","url":"https:\/\/vielhuber.de\/wp-content\/uploads\/about.jpg","contentUrl":"https:\/\/vielhuber.de\/wp-content\/uploads\/about.jpg","width":700,"height":552,"caption":"David"},"logo":{"@id":"https:\/\/vielhuber.de\/wp-content\/uploads\/about.jpg"},"sameAs":["https:\/\/x.com\/vielhuber"]}]}},"_links":{"self":[{"href":"https:\/\/vielhuber.de\/so\/wp-json\/wp\/v2\/pages\/50","targetHints":{"allow":["GET"]}}],"collection":[{"href":"https:\/\/vielhuber.de\/so\/wp-json\/wp\/v2\/pages"}],"about":[{"href":"https:\/\/vielhuber.de\/so\/wp-json\/wp\/v2\/types\/page"}],"author":[{"embeddable":true,"href":"https:\/\/vielhuber.de\/so\/wp-json\/wp\/v2\/users\/1"}],"replies":[{"embeddable":true,"href":"https:\/\/vielhuber.de\/so\/wp-json\/wp\/v2\/comments?post=50"}],"version-history":[{"count":18,"href":"https:\/\/vielhuber.de\/so\/wp-json\/wp\/v2\/pages\/50\/revisions"}],"predecessor-version":[{"id":4567,"href":"https:\/\/vielhuber.de\/so\/wp-json\/wp\/v2\/pages\/50\/revisions\/4567"}],"wp:attachment":[{"href":"https:\/\/vielhuber.de\/so\/wp-json\/wp\/v2\/media?parent=50"}],"curies":[{"name":"wp","href":"https:\/\/api.w.org\/{rel}","templated":true}]}}