{"id":126,"date":"2012-08-15T20:15:45","date_gmt":"2012-08-15T18:15:45","guid":{"rendered":"https:\/\/vielhuber.de\/?page_id=126"},"modified":"2025-05-14T10:45:48","modified_gmt":"2025-05-14T08:45:48","slug":"about","status":"publish","type":"page","link":"https:\/\/vielhuber.de\/","title":{"rendered":"\u00dcber mich"},"content":{"rendered":"\n<h2 class=\"about__heading text-glitch\">Programmierer aus Leidenschaft<\/h2>\n\n\n\n<p>Mein Name ist David Vielhuber. Ich bin Full-Stack-Developer, zweifacher Papa und habe eine Schw\u00e4che f\u00fcr guten Kaffee und Code. Ich habe ein Faible f\u00fcr sch\u00f6nes Design, eine Prise Perfektionismus und Augen f\u00fcr klare Konturen. Vor \\(25\\) Jahren begann ich eine Liebesbeziehung mit meinem Computer \u2013 und kurz darauf mit dem Internet.<\/p>\n\n\n\n<p>Im Laufe der Jahre wandelte sich meine Leidenschaft vom Hobby zum Beruf. Eine Vielzahl spannender Kundenprojekte aus den letzten Jahren f\u00fchrte mich dazu, neben Privatpersonen auch mittelst\u00e4ndischen Unternehmen ein gro\u00dfes Leistungsspektrum anzubieten. Ob Backend, Frontend oder alles dazwischen \u2013 ich liebe es, jede Entwicklungsschicht zu meistern.<\/p>\n","protected":false},"excerpt":{"rendered":"<p>Programmierer aus Leidenschaft Mein Name ist David Vielhuber. Ich bin Full-Stack-Developer, zweifacher Papa und habe eine Schw\u00e4che f\u00fcr guten Kaffee und Code. Ich habe ein Faible f\u00fcr sch\u00f6nes Design, eine Prise Perfektionismus und Augen f\u00fcr klare Konturen. Vor \\(25\\) Jahren begann ich eine Liebesbeziehung mit meinem Computer \u2013 und kurz darauf mit dem Internet. Im [&hellip;]<\/p>\n","protected":false},"author":1,"featured_media":0,"parent":0,"menu_order":1,"comment_status":"closed","ping_status":"closed","template":"about.php","meta":{"_acf_changed":false,"gtbabel_prevent_lngs":"","gtbabel_alt_lng":"","footnotes":""},"class_list":["post-126","page","type-page","status-publish"],"acf":[],"yoast_head":"<title>Vielhuber David\u00a0&gt; Full-Stack Developer<\/title>\n<meta name=\"description\" content=\"\ud83c\udf00 Vielhuber David ist ein Web-Geek mit einem Faible f\u00fcr sch\u00f6nes Design, einer Prise Perfektionismus und Augen f\u00fcr klare Konturen. \ud83c\udf00\" \/>\n<meta name=\"robots\" content=\"index, follow, max-snippet:-1, max-image-preview:large, max-video-preview:-1\" \/>\n<link rel=\"canonical\" href=\"https:\/\/vielhuber.de\/\" \/>\n<meta property=\"og:locale\" content=\"de_DE\" \/>\n<meta property=\"og:type\" content=\"article\" \/>\n<meta property=\"og:title\" content=\"Vielhuber David\u00a0&gt; Full-Stack Developer\" \/>\n<meta property=\"og:description\" content=\"\ud83c\udf00 Vielhuber David ist ein Web-Geek mit einem Faible f\u00fcr sch\u00f6nes Design, einer Prise Perfektionismus und Augen f\u00fcr klare Konturen. \ud83c\udf00\" \/>\n<meta property=\"og:url\" content=\"https:\/\/vielhuber.de\/\" \/>\n<meta property=\"og:site_name\" content=\"Vielhuber David\" \/>\n<meta property=\"article:modified_time\" content=\"2025-05-14T08:45:48+00:00\" \/>\n<meta property=\"og:image\" content=\"https:\/\/vielhuber.de\/wp-content\/uploads\/about.jpg\" \/>\n\t<meta property=\"og:image:width\" content=\"700\" \/>\n\t<meta property=\"og:image:height\" content=\"552\" \/>\n\t<meta property=\"og:image:type\" content=\"image\/jpeg\" \/>\n<meta name=\"twitter:card\" content=\"summary_large_image\" \/>\n<meta name=\"twitter:site\" content=\"@vielhuber\" \/>\n<meta name=\"twitter:label1\" content=\"Gesch\u00e4tzte Lesezeit\" \/>\n\t<meta name=\"twitter:data1\" content=\"1\u00a0Minute\" \/>\n<script type=\"application\/ld+json\" class=\"yoast-schema-graph\">{\"@context\":\"https:\\\/\\\/schema.org\",\"@graph\":[{\"@type\":\"WebPage\",\"@id\":\"https:\\\/\\\/vielhuber.de\\\/\",\"url\":\"https:\\\/\\\/vielhuber.de\\\/\",\"name\":\"Vielhuber David\u00a0> Full-Stack Developer\",\"isPartOf\":{\"@id\":\"https:\\\/\\\/vielhuber.de\\\/#website\"},\"datePublished\":\"2012-08-15T18:15:45+00:00\",\"dateModified\":\"2025-05-14T08:45:48+00:00\",\"description\":\"\ud83c\udf00 Vielhuber David ist ein Web-Geek mit einem Faible f\u00fcr sch\u00f6nes Design, einer Prise Perfektionismus und Augen f\u00fcr klare Konturen. \ud83c\udf00\",\"breadcrumb\":{\"@id\":\"https:\\\/\\\/vielhuber.de\\\/#breadcrumb\"},\"inLanguage\":\"de\",\"potentialAction\":[{\"@type\":\"ReadAction\",\"target\":[\"https:\\\/\\\/vielhuber.de\\\/\"]}]},{\"@type\":\"BreadcrumbList\",\"@id\":\"https:\\\/\\\/vielhuber.de\\\/#breadcrumb\",\"itemListElement\":[{\"@type\":\"ListItem\",\"position\":1,\"name\":\"Home\",\"item\":\"https:\\\/\\\/vielhuber.de\\\/\"},{\"@type\":\"ListItem\",\"position\":2,\"name\":\"\u00dcber mich\"}]},{\"@type\":\"WebSite\",\"@id\":\"https:\\\/\\\/vielhuber.de\\\/#website\",\"url\":\"https:\\\/\\\/vielhuber.de\\\/\",\"name\":\"Vielhuber David\",\"description\":\"Full-Stack Developer\",\"publisher\":{\"@id\":\"https:\\\/\\\/vielhuber.de\\\/#\\\/schema\\\/person\\\/64d4ff14713d413ea4d9b210d0c2c6ef\"},\"potentialAction\":[{\"@type\":\"SearchAction\",\"target\":{\"@type\":\"EntryPoint\",\"urlTemplate\":\"https:\\\/\\\/vielhuber.de\\\/?s={search_term_string}\"},\"query-input\":{\"@type\":\"PropertyValueSpecification\",\"valueRequired\":true,\"valueName\":\"search_term_string\"}}],\"inLanguage\":\"de\"},{\"@type\":[\"Person\",\"Organization\"],\"@id\":\"https:\\\/\\\/vielhuber.de\\\/#\\\/schema\\\/person\\\/64d4ff14713d413ea4d9b210d0c2c6ef\",\"name\":\"David\",\"image\":{\"@type\":\"ImageObject\",\"inLanguage\":\"de\",\"@id\":\"https:\\\/\\\/vielhuber.de\\\/wp-content\\\/uploads\\\/about.jpg\",\"url\":\"https:\\\/\\\/vielhuber.de\\\/wp-content\\\/uploads\\\/about.jpg\",\"contentUrl\":\"https:\\\/\\\/vielhuber.de\\\/wp-content\\\/uploads\\\/about.jpg\",\"width\":700,\"height\":552,\"caption\":\"David\"},\"logo\":{\"@id\":\"https:\\\/\\\/vielhuber.de\\\/wp-content\\\/uploads\\\/about.jpg\"},\"sameAs\":[\"https:\\\/\\\/x.com\\\/vielhuber\"]}]}<\/script>","yoast_head_json":{"title":"Vielhuber David\u00a0> Full-Stack Developer","description":"\ud83c\udf00 Vielhuber David ist ein Web-Geek mit einem Faible f\u00fcr sch\u00f6nes Design, einer Prise Perfektionismus und Augen f\u00fcr klare Konturen. \ud83c\udf00","robots":{"index":"index","follow":"follow","max-snippet":"max-snippet:-1","max-image-preview":"max-image-preview:large","max-video-preview":"max-video-preview:-1"},"canonical":"https:\/\/vielhuber.de\/","og_locale":"de_DE","og_type":"article","og_title":"Vielhuber David\u00a0> Full-Stack Developer","og_description":"\ud83c\udf00 Vielhuber David ist ein Web-Geek mit einem Faible f\u00fcr sch\u00f6nes Design, einer Prise Perfektionismus und Augen f\u00fcr klare Konturen. \ud83c\udf00","og_url":"https:\/\/vielhuber.de\/","og_site_name":"Vielhuber David","article_modified_time":"2025-05-14T08:45:48+00:00","og_image":[{"width":700,"height":552,"url":"https:\/\/vielhuber.de\/wp-content\/uploads\/about.jpg","type":"image\/jpeg"}],"twitter_card":"summary_large_image","twitter_site":"@vielhuber","twitter_misc":{"Gesch\u00e4tzte Lesezeit":"1\u00a0Minute"},"schema":{"@context":"https:\/\/schema.org","@graph":[{"@type":"WebPage","@id":"https:\/\/vielhuber.de\/","url":"https:\/\/vielhuber.de\/","name":"Vielhuber David\u00a0> Full-Stack Developer","isPartOf":{"@id":"https:\/\/vielhuber.de\/#website"},"datePublished":"2012-08-15T18:15:45+00:00","dateModified":"2025-05-14T08:45:48+00:00","description":"\ud83c\udf00 Vielhuber David ist ein Web-Geek mit einem Faible f\u00fcr sch\u00f6nes Design, einer Prise Perfektionismus und Augen f\u00fcr klare Konturen. \ud83c\udf00","breadcrumb":{"@id":"https:\/\/vielhuber.de\/#breadcrumb"},"inLanguage":"de","potentialAction":[{"@type":"ReadAction","target":["https:\/\/vielhuber.de\/"]}]},{"@type":"BreadcrumbList","@id":"https:\/\/vielhuber.de\/#breadcrumb","itemListElement":[{"@type":"ListItem","position":1,"name":"Home","item":"https:\/\/vielhuber.de\/"},{"@type":"ListItem","position":2,"name":"\u00dcber mich"}]},{"@type":"WebSite","@id":"https:\/\/vielhuber.de\/#website","url":"https:\/\/vielhuber.de\/","name":"Vielhuber David","description":"Full-Stack Developer","publisher":{"@id":"https:\/\/vielhuber.de\/#\/schema\/person\/64d4ff14713d413ea4d9b210d0c2c6ef"},"potentialAction":[{"@type":"SearchAction","target":{"@type":"EntryPoint","urlTemplate":"https:\/\/vielhuber.de\/?s={search_term_string}"},"query-input":{"@type":"PropertyValueSpecification","valueRequired":true,"valueName":"search_term_string"}}],"inLanguage":"de"},{"@type":["Person","Organization"],"@id":"https:\/\/vielhuber.de\/#\/schema\/person\/64d4ff14713d413ea4d9b210d0c2c6ef","name":"David","image":{"@type":"ImageObject","inLanguage":"de","@id":"https:\/\/vielhuber.de\/wp-content\/uploads\/about.jpg","url":"https:\/\/vielhuber.de\/wp-content\/uploads\/about.jpg","contentUrl":"https:\/\/vielhuber.de\/wp-content\/uploads\/about.jpg","width":700,"height":552,"caption":"David"},"logo":{"@id":"https:\/\/vielhuber.de\/wp-content\/uploads\/about.jpg"},"sameAs":["https:\/\/x.com\/vielhuber"]}]}},"_links":{"self":[{"href":"https:\/\/vielhuber.de\/so\/wp-json\/wp\/v2\/pages\/126","targetHints":{"allow":["GET"]}}],"collection":[{"href":"https:\/\/vielhuber.de\/so\/wp-json\/wp\/v2\/pages"}],"about":[{"href":"https:\/\/vielhuber.de\/so\/wp-json\/wp\/v2\/types\/page"}],"author":[{"embeddable":true,"href":"https:\/\/vielhuber.de\/so\/wp-json\/wp\/v2\/users\/1"}],"replies":[{"embeddable":true,"href":"https:\/\/vielhuber.de\/so\/wp-json\/wp\/v2\/comments?post=126"}],"version-history":[{"count":48,"href":"https:\/\/vielhuber.de\/so\/wp-json\/wp\/v2\/pages\/126\/revisions"}],"predecessor-version":[{"id":4250,"href":"https:\/\/vielhuber.de\/so\/wp-json\/wp\/v2\/pages\/126\/revisions\/4250"}],"wp:attachment":[{"href":"https:\/\/vielhuber.de\/so\/wp-json\/wp\/v2\/media?parent=126"}],"curies":[{"name":"wp","href":"https:\/\/api.w.org\/{rel}","templated":true}]}}